{"id":47,"date":"2013-09-18T13:35:39","date_gmt":"2013-09-18T13:35:39","guid":{"rendered":"http:\/\/pixelgrade.com\/demos\/lens\/?page_id=47"},"modified":"2016-06-10T14:24:03","modified_gmt":"2016-06-10T14:24:03","slug":"studio","status":"publish","type":"page","link":"https:\/\/www.empordavita.com\/es\/studio\/","title":{"rendered":"Qui\u00e9nes somos"},"content":{"rendered":"<p>Seleccionamos experiencias singulares y escapadas. Ofrecemos todo cuanto conocemos y queremos del Empord\u00e0: su gente, la cultura, los productos de la tierra y los paisajes infinitos.<br \/>\nPorque nos encanta vivir en el Empord\u00e0 y <em>empordanear<\/em>.<\/p>\n<h3><\/h3>\n<a href=\"http:\/\/www.empordavita.com\/es\/wp-content\/uploads\/2013\/09\/def_cast-2.jpg\"><img loading=\"lazy\" class=\"alignleft wp-image-1044 size-full\" src=\"http:\/\/www.empordavita.com\/es\/wp-content\/uploads\/2013\/09\/def_cast-2.jpg\" width=\"949\" height=\"483\" srcset=\"https:\/\/www.empordavita.com\/es\/wp-content\/uploads\/2013\/09\/def_cast-2.jpg 949w, https:\/\/www.empordavita.com\/es\/wp-content\/uploads\/2013\/09\/def_cast-2-300x153.jpg 300w, https:\/\/www.empordavita.com\/es\/wp-content\/uploads\/2013\/09\/def_cast-2-768x391.jpg 768w, https:\/\/www.empordavita.com\/es\/wp-content\/uploads\/2013\/09\/def_cast-2-800x407.jpg 800w, https:\/\/www.empordavita.com\/es\/wp-content\/uploads\/2013\/09\/def_cast-2-500x254.jpg 500w\" sizes=\"(max-width: 949px) 100vw, 949px\" \/><\/a>\n<a href=\"http:\/\/www.empordavita.com\/es\/wp-content\/uploads\/2013\/09\/def_cast-3.jpg\"><img loading=\"lazy\" class=\"alignleft wp-image-1045 size-full\" src=\"http:\/\/www.empordavita.com\/es\/wp-content\/uploads\/2013\/09\/def_cast-3.jpg\" width=\"949\" height=\"483\" srcset=\"https:\/\/www.empordavita.com\/es\/wp-content\/uploads\/2013\/09\/def_cast-3.jpg 949w, https:\/\/www.empordavita.com\/es\/wp-content\/uploads\/2013\/09\/def_cast-3-300x153.jpg 300w, https:\/\/www.empordavita.com\/es\/wp-content\/uploads\/2013\/09\/def_cast-3-768x391.jpg 768w, https:\/\/www.empordavita.com\/es\/wp-content\/uploads\/2013\/09\/def_cast-3-800x407.jpg 800w, https:\/\/www.empordavita.com\/es\/wp-content\/uploads\/2013\/09\/def_cast-3-500x254.jpg 500w\" sizes=\"(max-width: 949px) 100vw, 949px\" \/><\/a>\n<a href=\"http:\/\/www.empordavita.com\/es\/wp-content\/uploads\/2013\/09\/def_cast-4.jpg\"><img loading=\"lazy\" class=\"alignleft wp-image-1046 size-full\" src=\"http:\/\/www.empordavita.com\/es\/wp-content\/uploads\/2013\/09\/def_cast-4.jpg\" width=\"949\" height=\"483\" srcset=\"https:\/\/www.empordavita.com\/es\/wp-content\/uploads\/2013\/09\/def_cast-4.jpg 949w, https:\/\/www.empordavita.com\/es\/wp-content\/uploads\/2013\/09\/def_cast-4-300x153.jpg 300w, https:\/\/www.empordavita.com\/es\/wp-content\/uploads\/2013\/09\/def_cast-4-768x391.jpg 768w, https:\/\/www.empordavita.com\/es\/wp-content\/uploads\/2013\/09\/def_cast-4-800x407.jpg 800w, https:\/\/www.empordavita.com\/es\/wp-content\/uploads\/2013\/09\/def_cast-4-500x254.jpg 500w\" sizes=\"(max-width: 949px) 100vw, 949px\" \/><\/a>\n<a href=\"http:\/\/www.empordavita.com\/es\/wp-content\/uploads\/2013\/09\/def_cast-5.jpg\"><img loading=\"lazy\" class=\"alignleft wp-image-1047 size-full\" src=\"http:\/\/www.empordavita.com\/es\/wp-content\/uploads\/2013\/09\/def_cast-5.jpg\" width=\"949\" height=\"483\" srcset=\"https:\/\/www.empordavita.com\/es\/wp-content\/uploads\/2013\/09\/def_cast-5.jpg 949w, https:\/\/www.empordavita.com\/es\/wp-content\/uploads\/2013\/09\/def_cast-5-300x153.jpg 300w, https:\/\/www.empordavita.com\/es\/wp-content\/uploads\/2013\/09\/def_cast-5-768x391.jpg 768w, https:\/\/www.empordavita.com\/es\/wp-content\/uploads\/2013\/09\/def_cast-5-800x407.jpg 800w, https:\/\/www.empordavita.com\/es\/wp-content\/uploads\/2013\/09\/def_cast-5-500x254.jpg 500w\" sizes=\"(max-width: 949px) 100vw, 949px\" \/><\/a>\n<a href=\"http:\/\/www.empordavita.com\/es\/wp-content\/uploads\/2013\/09\/def_cast-6.jpg\"><img loading=\"lazy\" class=\"alignleft wp-image-1048 size-full\" src=\"http:\/\/www.empordavita.com\/es\/wp-content\/uploads\/2013\/09\/def_cast-6.jpg\" width=\"949\" height=\"483\" srcset=\"https:\/\/www.empordavita.com\/es\/wp-content\/uploads\/2013\/09\/def_cast-6.jpg 949w, https:\/\/www.empordavita.com\/es\/wp-content\/uploads\/2013\/09\/def_cast-6-300x153.jpg 300w, https:\/\/www.empordavita.com\/es\/wp-content\/uploads\/2013\/09\/def_cast-6-768x391.jpg 768w, https:\/\/www.empordavita.com\/es\/wp-content\/uploads\/2013\/09\/def_cast-6-800x407.jpg 800w, https:\/\/www.empordavita.com\/es\/wp-content\/uploads\/2013\/09\/def_cast-6-500x254.jpg 500w\" sizes=\"(max-width: 949px) 100vw, 949px\" \/><\/a>\n<h3><\/h3>\n<h3><\/h3>\n<h3><\/h3>\n<h3><\/h3>\n<h3><\/h3>\n<h3><\/h3>\n<h3><\/h3>\n<h3><\/h3>\n<h3><\/h3>\n<h3><\/h3>\n<h3><\/h3>\n<h3><\/h3>\n<h3><\/h3>\n<h3><\/h3>\n<h3><\/h3>\n<h3><\/h3>\n<h3><\/h3>\n<h3><\/h3>\n<h3><\/h3>\n<h3><\/h3>\n<h3><\/h3>\n<h3><\/h3>\n<h3><\/h3>\n<h3><\/h3>\n<h3><\/h3>\n<h3><\/h3>\n<h3><\/h3>\n<h3><\/h3>\n<h3><\/h3>\n<h3><\/h3>\n<h3><\/h3>\n<h3><\/h3>\n<h3><\/h3>\n<h3><\/h3>\n<h3><\/h3>\n<h3><\/h3>\n<h3><\/h3>\n<h3><\/h3>\n<h3><\/h3>\n<h3><\/h3>\n<h3><\/h3>\n<h3><\/h3>\n<h3><\/h3>\n<h3><\/h3>\n<h3><\/h3>\n<h3><\/h3>\n<h3><\/h3>\n<h3><\/h3>\n<h3><\/h3>\n<h3><\/h3>\n<h3><\/h3>\n<h3><\/h3>\n<h3><\/h3>\n<p style=\"text-align: justify;\"><hr class=\"pixcode  pixcode--separator  separator separator--dotted\"\/> <div class=\"pixcode  pixcode--row  row  \">\n <div class=\"col-12  hand-span-6 \">\n <div class=\"pixcode  pixcode--team-member  team-member  \">\n\n\t\n    <div class=\"team-member__header\">\n\t\t    \t   <h5 class=\"team-member__name\">PILUCA PAUL\u00cd<\/h5>\n    \t    \t    <\/div>\n\n    <div class=\"team-member__description\">\n        \n<p style=\"text-align: justify;\">Licenciada en Humanidades, Diplomada en Turismo por la Escuela Oficial de Turismo de Girona, T\u00e9cnica Superior en RR.PP., M\u00e1ster en Comunicaci\u00f3n y Protocolo Empresarial e Institucional por la Universidad Complutense de Madrid. Experiencia profesional en \u00e1reas de comunicaci\u00f3n, relaciones p\u00fablicas y protocolo. Especializada en organizaci\u00f3n de actos para empresas y comunicaci\u00f3n corporativa.<\/p>\n<p style=\"text-align: justify;\">    <\/div>\n\n    <hr class=\"separator separator--striped\"\/>\n\n    <div class=\"team-member__footer\">\n        <ul class=\"team-member__social-links-list\">\n        \t                <li class=\"team-member__social-link\">\n                    <a class=\"team-member__social-link__link\" href=\"#\" target=\"_blank\">\n                        <i class=\"shc  shc--icon  icon-twitter\"><\/i>\n                    <\/a>\n                <\/li>\n        \t        \t                <li class=\"team-member__social-link\">\n                    <a class=\"team-member__social-link__link\" href=\"#\" target=\"_blank\">\n                        <i class=\"shc  shc--icon  icon-facebook\"><\/i>\n                    <\/a>\n                <\/li>\n        \t        \t                <li class=\"team-member__social-link\">\n                    <a class=\"team-member__social-link__link\" href=\"#\" target=\"_blank\">\n                        <i class=\"shc  shc--icon  icon-linkedin\"><\/i>\n                    <\/a>\n                <\/li>\n        \t        \t        <\/ul>\n    <\/div>\n<\/div> \n<\/div>\n <div class=\"col-12  hand-span-6 \">\n \n<\/div>\n \n<\/div>\n\n","protected":false},"excerpt":{"rendered":"<p>Seleccionamos experiencias singulares y escapadas. Ofrecemos todo cuanto conocemos y queremos del Empord\u00e0: su gente, la cultura, los productos de la tierra y los paisajes infinitos. Porque nos encanta vivir en el Empord\u00e0 y empordanear.<\/p>\n","protected":false},"author":1,"featured_media":584,"parent":0,"menu_order":2,"comment_status":"closed","ping_status":"closed","template":"template-fullwidth.php","meta":[],"_links":{"self":[{"href":"https:\/\/www.empordavita.com\/es\/wp-json\/wp\/v2\/pages\/47"}],"collection":[{"href":"https:\/\/www.empordavita.com\/es\/wp-json\/wp\/v2\/pages"}],"about":[{"href":"https:\/\/www.empordavita.com\/es\/wp-json\/wp\/v2\/types\/page"}],"author":[{"embeddable":true,"href":"https:\/\/www.empordavita.com\/es\/wp-json\/wp\/v2\/users\/1"}],"replies":[{"embeddable":true,"href":"https:\/\/www.empordavita.com\/es\/wp-json\/wp\/v2\/comments?post=47"}],"version-history":[{"count":32,"href":"https:\/\/www.empordavita.com\/es\/wp-json\/wp\/v2\/pages\/47\/revisions"}],"predecessor-version":[{"id":1049,"href":"https:\/\/www.empordavita.com\/es\/wp-json\/wp\/v2\/pages\/47\/revisions\/1049"}],"wp:featuredmedia":[{"embeddable":true,"href":"https:\/\/www.empordavita.com\/es\/wp-json\/wp\/v2\/media\/584"}],"wp:attachment":[{"href":"https:\/\/www.empordavita.com\/es\/wp-json\/wp\/v2\/media?parent=47"}],"curies":[{"name":"wp","href":"https:\/\/api.w.org\/{rel}","templated":true}]}}