{"id":41,"date":"2013-09-18T13:33:54","date_gmt":"2013-09-18T13:33:54","guid":{"rendered":"http:\/\/pixelgrade.com\/demos\/lens\/?page_id=41"},"modified":"2016-05-16T13:13:19","modified_gmt":"2016-05-16T13:13:19","slug":"home","status":"publish","type":"page","link":"http:\/\/www.empordavita.com\/es\/","title":{"rendered":"Bienvenida"},"content":{"rendered":"<p>Empord\u00e0 Vita, descubran el Empord\u00e0 m\u00e1s in\u00e9dito.<\/p>\n<p>D\u00e9jense impresionar por vivencias en esencia pura.<\/p>\n","protected":false},"excerpt":{"rendered":"<p>Empord\u00e0 Vita, descubran el Empord\u00e0 m\u00e1s in\u00e9dito. D\u00e9jense impresionar por vivencias en esencia pura.<\/p>\n","protected":false},"author":1,"featured_media":0,"parent":0,"menu_order":1,"comment_status":"closed","ping_status":"closed","template":"template-homepage.php","meta":[],"_links":{"self":[{"href":"http:\/\/www.empordavita.com\/es\/wp-json\/wp\/v2\/pages\/41"}],"collection":[{"href":"http:\/\/www.empordavita.com\/es\/wp-json\/wp\/v2\/pages"}],"about":[{"href":"http:\/\/www.empordavita.com\/es\/wp-json\/wp\/v2\/types\/page"}],"author":[{"embeddable":true,"href":"http:\/\/www.empordavita.com\/es\/wp-json\/wp\/v2\/users\/1"}],"replies":[{"embeddable":true,"href":"http:\/\/www.empordavita.com\/es\/wp-json\/wp\/v2\/comments?post=41"}],"version-history":[{"count":9,"href":"http:\/\/www.empordavita.com\/es\/wp-json\/wp\/v2\/pages\/41\/revisions"}],"predecessor-version":[{"id":1027,"href":"http:\/\/www.empordavita.com\/es\/wp-json\/wp\/v2\/pages\/41\/revisions\/1027"}],"wp:attachment":[{"href":"http:\/\/www.empordavita.com\/es\/wp-json\/wp\/v2\/media?parent=41"}],"curies":[{"name":"wp","href":"https:\/\/api.w.org\/{rel}","templated":true}]}}